{"id":76,"date":"2014-05-29T10:45:54","date_gmt":"2014-05-29T10:45:54","guid":{"rendered":"https:\/\/bla.potager.org\/?page_id=76"},"modified":"2017-05-23T12:24:49","modified_gmt":"2017-05-23T12:24:49","slug":"friends","status":"publish","type":"page","link":"https:\/\/bla.potager.org\/ru\/friends\/","title":{"rendered":"\u0414\u0440\u0443\u0437\u044c\u044f"},"content":{"rendered":"<p>\u0441\u0432\u044f\u0437\u0430\u043d\u043d\u044b\u0435 \u0441 \u044f\u0437\u044b\u043a\u0430\u043c\u0438 \u0438  \u043f\u0435\u0440\u0435\u0432\u043e\u0434\u043e\u043c:<\/p>\n<ul>\n<li><a href=\"https:\/\/coati.pimienta.org\/\">COATI &#8212; <span class=\"colectivo\"><span class=\"acronimo\">Co<\/span>lectivo para la <span class=\"acronimo\">a<\/span>utogesti\u00f3n de <span class=\"acronimo\">t<\/span>ecnolog\u00edas para la <span class=\"acronimo\">i<\/span>nterpretaci\u00f3n<\/span><\/a><\/li>\n<li><a href=\"http:\/\/www.babels.org\/\">BABELS<\/a><\/li>\n<li><a href=\"http:\/\/interpreters.free.fr\/\">Infos, training and help concerning simultaneous interpretation<\/a><\/li>\n<li><a href=\"https:\/\/sites.google.com\/site\/interpretationspider\/\">Alis Spider &#8212;  Information, how to order &#038; more<\/a> <\/li>\n<li><a href=\"http:\/\/interprise.nirgendwo.info\/de\/wer-sind-wir\/\">InterpRISE<\/a><\/li>\n<\/ul>\n<p>\u0434\u0440\u0443\u0433\u0438\u0435 \u0441\u0441\u044b\u043b\u043a\u0438:<\/p>\n<ul>\n<li><a href=\"http:\/\/www.reclaimthefields.org\/\">Reclaim the Fields<\/a><\/li>\n<\/ul>\n<p><\/p>","protected":false},"excerpt":{"rendered":"<p>\u0441\u0432\u044f\u0437\u0430\u043d\u043d\u044b\u0435 \u0441 \u044f\u0437\u044b\u043a\u0430\u043c\u0438 \u0438 \u043f\u0435\u0440\u0435\u0432\u043e\u0434\u043e\u043c: COATI &#8212; Colectivo para la autogesti\u00f3n de tecnolog\u00edas para la interpretaci\u00f3n BABELS Infos, training and help concerning simultaneous interpretation Alis Spider &#8212; Information, how to order &#038; more InterpRISE \u0434\u0440\u0443\u0433\u0438\u0435 \u0441\u0441\u044b\u043b\u043a\u0438: Reclaim the Fields<\/p>\n","protected":false},"author":4,"featured_media":0,"parent":0,"menu_order":0,"comment_status":"closed","ping_status":"closed","template":"","meta":{"footnotes":""},"class_list":["post-76","page","type-page","status-publish","hentry"],"_links":{"self":[{"href":"https:\/\/bla.potager.org\/ru\/wp-json\/wp\/v2\/pages\/76","targetHints":{"allow":["GET"]}}],"collection":[{"href":"https:\/\/bla.potager.org\/ru\/wp-json\/wp\/v2\/pages"}],"about":[{"href":"https:\/\/bla.potager.org\/ru\/wp-json\/wp\/v2\/types\/page"}],"author":[{"embeddable":true,"href":"https:\/\/bla.potager.org\/ru\/wp-json\/wp\/v2\/users\/4"}],"replies":[{"embeddable":true,"href":"https:\/\/bla.potager.org\/ru\/wp-json\/wp\/v2\/comments?post=76"}],"version-history":[{"count":19,"href":"https:\/\/bla.potager.org\/ru\/wp-json\/wp\/v2\/pages\/76\/revisions"}],"predecessor-version":[{"id":491,"href":"https:\/\/bla.potager.org\/ru\/wp-json\/wp\/v2\/pages\/76\/revisions\/491"}],"wp:attachment":[{"href":"https:\/\/bla.potager.org\/ru\/wp-json\/wp\/v2\/media?parent=76"}],"curies":[{"name":"wp","href":"https:\/\/api.w.org\/{rel}","templated":true}]}}