{"id":72,"date":"2014-05-29T10:42:42","date_gmt":"2014-05-29T10:42:42","guid":{"rendered":"https:\/\/bla.potager.org\/?page_id=72"},"modified":"2017-05-23T13:27:02","modified_gmt":"2017-05-23T13:27:02","slug":"faq","status":"publish","type":"page","link":"https:\/\/bla.potager.org\/fr\/faq\/","title":{"rendered":"FAQ"},"content":{"rendered":"<p>1. C&rsquo;est qui [bla]? Et \u00e7a sert \u00e0 quoi\u00a0?<br \/>\n2. Qu&rsquo;est-ce que l&rsquo;interpr\u00e9tation \u00ab\u00a0simultan\u00e9e\u00a0\u00bb\u00a0?<br \/>\n3. Pourquoi l&rsquo;interpr\u00e9tation simultan\u00e9e est-elle importante et utile\u00a0?<br \/>\n4. Quels sont les avantages de l&rsquo;interpr\u00e9tation simultan\u00e9e\u00a0?<br \/>\n5. Quel genre d&rsquo;\u00e9v\u00e9nements sont soutenus par [bla]?<br \/>\n6. Quelles sont les conditions de [bla] pour soutenir un \u00e9v\u00e9nement\u00a0?<br \/>\n7. Quel est l&rsquo;\u00e9quipement technique utilis\u00e9 par [bla]?<br \/>\n8. Pour combien de personnes est-ce que [bla] peut fournir des solutions techniques pour l&rsquo;interpr\u00e9tation simultan\u00e9e\u00a0?<br \/>\n9. Quels sont les besoins techniques pour que [bla] puisse agir\u00a0?<br \/>\n10. De quelles informations avons-nous besoin pour savoir si nous pouvons soutenir votre \u00e9v\u00e9nement\u00a0?<br \/>\n11. Pourquoi est-ce que [bla] demande de l&rsquo;argent\u00a0?<br \/>\n12. Que pense [bla] de la surveillance et de la s\u00e9curit\u00e9\u00a0?<\/p>\n<p>&nbsp;<\/p>\n<h3>1. C&rsquo;est qui [bla]\u00a0? Et \u00e7a sert \u00e0 quoi\u00a0?<\/h3>\n<p>[bla] est un collectif autog\u00e9r\u00e9 qui fait du soutien technique et organisationnel pour la traduction dans des \u00e9v\u00e8nements activistes multilingues. [bla] met \u00e0 disposition et g\u00e8re le mat\u00e9riel n\u00e9cessaire pour l&rsquo;interpr\u00e9tation simultan\u00e9e, sur une base de participation \u00ab\u00a0prix libre\u00a0\u00bb.<br \/>\nLe collectif est form\u00e9 et g\u00e9r\u00e9 par des personnes vivant dans plusieurs pays d&rsquo;europe et qui sont impliqu\u00e9es dans des groupes et r\u00e9seaux activistes.<br \/>\n[bla] s&rsquo;est form\u00e9 au sein de la constellation Reclaim the Fields et s&rsquo;est inspir\u00e9 du collectif Coati qui avait soutenu diff\u00e9rentes rencontres de Reclaim the Fields avec de l&rsquo;\u00e9quipement pour faciliter l&rsquo;interpr\u00e9tation. Vu les besoins de nombreuses rencontres multilingues en europe, nous avons d\u00e9cid\u00e9 de cr\u00e9er un nouveau collectif de soutien \u00e0 l&rsquo;interpr\u00e9tation.<br \/>\n[bla] est un collectif b\u00e9n\u00e9vole (\u00e0 but non lucratif) qui travaille avec les principes de DoItYourself et de logiciels libres. Nous fonctionnons de mani\u00e8re horizontale avec prises de d\u00e9cisions au consensus. Nous voulons aider \u00e0 rendre visibles les dominations li\u00e9es aux langues et contribuer \u00e0 lutter contre elles.<br \/>\n<a href=\"#top\">top<\/a><\/p>\n<h3>2. Qu&rsquo;est-ce que l&rsquo;interpr\u00e9tation \u00ab simultan\u00e9e \u00bb ?<\/h3>\n<p>Si les personnes participant \u00e0 une rencontre ou une r\u00e9union n&rsquo;ont pas de langue commune, il y a besoin d&rsquo;interpr\u00e9tation. L&rsquo;interpr\u00e9tation c&rsquo;est la traduction en direct de ce qui est dit d&rsquo;une langue \u00e0 une autre. L&rsquo;interpr\u00e9tation \u00ab\u00a0simultan\u00e9e\u00a0\u00bb est une forme d\u2019interpr\u00e9tation o\u00f9 les personnes qui traduisent \u00e9coutent ce qui est dit avec un casque et le traduisent avec quelques secondes de d\u00e9calage dans une autre langue.<br \/>\n<a href=\"#top\">top<\/a><\/p>\n<h3>3. Pourquoi l&rsquo;interpr\u00e9tation simultan\u00e9e est-elle importante et utile ?<\/h3>\n<p>La langue c&rsquo;est du pouvoir\u00a0!<br \/>\nDans les rencontres multilingues les langues comme l&rsquo;anglais, l&rsquo;espagnol et le fran\u00e7ais dominent parce qu&rsquo;elles ont \u00e9t\u00e9 brutalement impos\u00e9es par le colonialisme (nous pensons que le colonialisme n&rsquo;est pas un processus termin\u00e9, mais qu&rsquo;il continue actuellement). Les personnes qui ma\u00eetrisent ces langues dominent dans les \u00e9changes, depuis des si\u00e8cles. Souvent, les personnes qui parlent des langues &lsquo;minoritaires&rsquo; ne se sentent pas \u00e0 l&rsquo;aise pour contribuer aux discussions\u00a0; entres autres parce qu&rsquo;elles ne sont pas sures de tout comprendre correctement ou qu&rsquo;elles ne sont pas assez sures d&rsquo;elles pour s&rsquo;exprimer. La connaissance des langues dominantes est aussi clairement li\u00e9e \u00e0 la classe sociale, car la classe a des effets sur la mobilit\u00e9, le milieu intellectuel, les opportunit\u00e9s d&rsquo;apprentissages, etc. On peut lutter contre ces tendances coloniales et discriminatoires dans nos r\u00e9unions en pr\u00e9parant et en facilitant les r\u00e9unions de mani\u00e8re \u00e0 rendre la communication plus \u00e9galitaire.<br \/>\nL&rsquo;interpr\u00e9tation simultan\u00e9e est une mani\u00e8re de renforcer l&rsquo;horizontalit\u00e9 dans les discussions et les prises de d\u00e9cisions. Elle aide \u00e0 inclure les personnes et les langues minoritaires. Les personnes peuvent suivre les rencontres et parler dans leur langue ou dans une langue choisie avec laquelle elles sont \u00e0 l&rsquo;aise. Cela facilite la participation aux discussions et processus de prises de d\u00e9cisions.<br \/>\n<a href=\"#top\">top<\/a><\/p>\n<h3>4. Quels sont les avantages de l&rsquo;interpr\u00e9tation simultan\u00e9e ?<\/h3>\n<p>L&rsquo;interpr\u00e9tation simultan\u00e9e est plus rapide que l&rsquo;interpr\u00e9tation cons\u00e9cutive, elle permet de ne pas limiter le nombre de langues utilis\u00e9es (tant qu&rsquo;il y a des interpr\u00e8tes!). Quand il y a plus de deux langues utilis\u00e9es l&rsquo;interpr\u00e9tation cons\u00e9cutive devient difficile, et impossible avec plus de 3 langues. L&rsquo;interpr\u00e9tation simultan\u00e9e permet de parler plus de langues dans une assembl\u00e9e. Aussi les langues minoritaires ne sont pas seulement des langues &lsquo;cibles&rsquo; (vers lesquelles on traduit ce qui se dit dans les langues majoritaires) mais aussi des langues &lsquo;sources&rsquo; (depuis lesquelles on traduit dans les autres langues utilis\u00e9es).<br \/>\nAvec l&rsquo;interpr\u00e9tation simultan\u00e9e le risque de perdre du contenu est plus faible car les interpr\u00e8tes n&rsquo;ont pas autant besoin de retenir ce qui a \u00e9t\u00e9 dit jusqu&rsquo;au moment de traduire. Le contenu traduit est plus proche de l&rsquo;original. L&rsquo;interpr\u00e9tation chuchot\u00e9e (sans \u00e9quipement technique sp\u00e9cifique) est fatigante \u00e0 la fois pour les interpr\u00e8tes et les personnes qui \u00e9coutent, elle discrimine les langues minoritaires.<br \/>\n<a href=\"#top\">top<\/a><\/p>\n<h3>5. Quel genre d&rsquo;\u00e9v\u00e9 nements sont soutenus par [bla]? <\/h3>\n<p>Nous ne travaillons pas avec les partis politiques, ni les multinationales ou les entreprises qui font du profit. Nous remettons en question les r\u00f4les qu&rsquo;elles jouent dans une \u00e9conomie capitaliste mondialis\u00e9e et ne voyons aucun potentiel de changement en travaillant avec de telles organisations. Nous ne travaillons pas avec des groupes fascistes.<br \/>\nNous voulons travailler avec des groupes et mouvements qui agissent concr\u00e8tement pour cr\u00e9er une soci\u00e9t\u00e9 plus juste et \u00e9galitaire par et pour les personnes qui y vivent, un changement qui commence aujourd&rsquo;hui sans attendre qu&rsquo;une utopie qui chante arrive un beau jour.<br \/>\nNous soutenons celles et ceux qui luttent contre les syst\u00e8mes de pouvoir (bas\u00e9s sur les cat\u00e9gories sociales comme la classe, la race, le genre, l&rsquo;age,&#8230;) qui m\u00e8nent \u00e0 l&rsquo;oppression et aux privil\u00e8ges.<br \/>\nNous nous organisons surtout avec des groupes et r\u00e9seaux activistes auto-organis\u00e9s car ils sont nombreux \u00e0 envisager et mettre en place des alternatives que nous partageons et auxquelles nous prenons part.<br \/>\n<a href=\"#top\">top<\/a><\/p>\n<h3>6. Quelles sont les conditions de [bla] pour soutenir un \u00e9v\u00e9nement ?<\/h3>\n<p>Nous voulons avoir un petit moment (environ 10 minutes) \u00e0 l&rsquo;ouverture d&rsquo;un \u00e9v\u00e9nement pour parler de ce que nous faisons, pourquoi et comment.<br \/>\nSi nous en ressentons le besoin, nous voulons avoir la possibilit\u00e9 de parler de discriminations et de syst\u00e8mes de domination\u00a0: pouvoir parler de f\u00e9minisme, de dominations li\u00e9es au colonialisme, aux langues et \u00e0 la classe sociale.<br \/>\nNous d\u00e9cidons des \u00e9v\u00e9nements auxquels nous participons en fonction de leur positionnements politiques et de nos possibilit\u00e9s. Notre capacit\u00e9 \u00e0 voyager loin d\u00e9pend aussi du temps et de l&rsquo;argent disponible.<br \/>\n<a href=\"#top\">top<\/a><\/p>\n<h3>7. Quel est l&rsquo;\u00e9quipement technique utilis\u00e9 par [bla] ?<\/h3>\n<p>Pour l&rsquo;interpr\u00e9tation simultan\u00e9e nous utilisons des radios et des \u00e9metteurs radios. Imagine un groupe de personnes assises avec leurs petites radios reli\u00e9es \u00e0 des \u00e9couteurs. Chacun-e a sa propre radio et choisit la fr\u00e9quence sur laquelle les discussions sont traduites dans la langue qu&rsquo;iel pr\u00e9f\u00e8re.<br \/>\nLes interpr\u00e8tes sont assis-es d&rsquo;un cot\u00e9 de la pi\u00e8ce, il y en a au moins autant que de langues traduites. Ielles portent des casques audio pour entendre ce que disent les personnes qui parlent dans le micro de l&rsquo;assembl\u00e9e. Chaque personne qui souhaite contribuer \u00e0 la discussion peut parler la langue avec laquelle elle se sent le plus \u00e0 l&rsquo;aise. Chaque personne parle dans le micro pour que les interpr\u00e8tes comprennent clairement tout ce qui est dit et puissent interpr\u00e9ter dans les autres langues. L&rsquo;interpr\u00e8te parle aussi dans un micro dont le signal va \u00e0 un \u00e9metteur radio, et de l\u00e0 dans les radios des participant-es. Chaque langue (chaque \u00e9quipe d&rsquo;interpr\u00e8tes) a sa propre fr\u00e9quence qui est visible sur une affiche pour que les arrivant-es puissent prendre une radio, la r\u00e9gler sur la bonne fr\u00e9quence, suivre et participer \u00e0 la discussion.<br \/>\nNous avons aussi des \u00e9quipements filaires qui peuvent \u00eatre utilis\u00e9s en ext\u00e9rieur parce qu&rsquo;ils peuvent \u00eatre aliment\u00e9s avec des piles. Par exemple ces \u00e9quipements sont utilisables pour des ateliers jusqu&rsquo;\u00e0 30 personnes, ou peuvent \u00eatre utiles pour des discussions spontan\u00e9es pendant une action.<br \/>\n<a href=\"#top\">top<\/a><\/p>\n<h3>8. Pour combien de personnes est-ce que [bla] peut fournir des solutions techniques pour l&rsquo;interpr\u00e9tation simultan\u00e9e ?<\/h3>\n<p>[bla] peut fournir des solutions techniques pour l&rsquo;interpr\u00e9tation simultan\u00e9e dans des groupes allant jusqu&rsquo;\u00e0 600 personnes (r\u00e9parties dans une ou plusieurs pi\u00e8ces).<br \/>\n<a href=\"#top\">top<\/a><\/p>\n<h3>9. Quels sont les besoins techniques pour que [bla] puisse agir ?<\/h3>\n<p>Nous avons besoin d&rsquo;\u00e9lectricit\u00e9. Si l&rsquo;\u00e9lectricit\u00e9 ne vient pas du r\u00e9seau (mais d&rsquo;un g\u00e9n\u00e9rateur, ou de panneaux solaires, &#8230;) nous avons besoin de le savoir en avance. En particulier pour \u00e9viter les probl\u00e8mes de son, le syst\u00e8me de mise \u00e0 la terre doit \u00eatre fonctionnel.<br \/>\n<a href=\"#top\">top<\/a><\/p>\n<h3>10. De quelles informations avons-nous besoin pour savoir si nous pouvons soutenir votre \u00e9v\u00e9nement ?<\/h3>\n<p>Quand et o\u00f9 se passe l\u2019\u00e9v\u00e9nement?<br \/>\nQuel genre d\u2019\u00e9v\u00e9nement est-ce? Qu&rsquo;est-ce qui se passe pendant cet \u00e9v\u00e9nement? Merci de donner quelques explications (la dur\u00e9e, le but, le type d\u2019activit\u00e9s) et si possible un contact de blog\/site internet<br \/>\nCombien de personnes attendez-vous?<br \/>\nEst-ce que vous savez d\u00e9j\u00e0 comment et o\u00f9 trouver des interpr\u00e8tes?<br \/>\nDepuis quelles langues et vers quelles langues aurez-vous besoin d\u2019interpr\u00e9tation? Combien y-aura-t-il de groupes de langue?<br \/>\nCombien de personnes environ y aura-t-il dans ces groupes de langues?<br \/>\nEst-ce qu\u2019une langue sera parl\u00e9e par la majorit\u00e9 des participant-e-s, ou bien les groupes de langue auront-ils environ la m\u00eame taille?<br \/>\nDans quelle langue pouvons-nous communiquer avec les personnes qui organisent l\u2019\u00e9v\u00e9nement?<br \/>\nEst-ce qu\u2019il y aura besoin de mat\u00e9riel d\u2019interpr\u00e9tation dans plusieurs endroits en m\u00eame temps? Combien d\u2019endroits diff\u00e9rents?<br \/>\nQuel est le type d\u2019infrastructure dans les endroits o\u00f9 vous souhaitez de l\u2019interpr\u00e9tation? b\u00e2timents, tentes, autres?<br \/>\nQuelle est la distance entre les diff\u00e9rents endroits o\u00f9 vous souhaitez de l\u2019interpr\u00e9tation? Quelle taille font les pi\u00e8ces?<br \/>\nEst-ce qu\u2019il est possible de se garer pr\u00e8s de ces endroits pour d\u00e9charger et charger l\u2019\u00e9quipement?<br \/>\nEst ce qu\u2019il y aura de l\u2019\u00e9lectricit\u00e9? de quel type de source? est-ce que ce sera un syst\u00e8me reli\u00e9 \u00e0 la terre?<br \/>\nEst-ce que vous pouvez fournir une table de mixage, des enceintes et les c\u00e2bles pour les relier?<br \/>\nEst-ce que le fait d\u2019utiliser des fr\u00e9quences radio \u00e0 courte distance pour \u00e9mettre l\u2019interpr\u00e9tation vous pose un probl\u00e8me?<br \/>\nEst-ce que vous pouvez fournir de la nourriture (v\u00e9gane!) et de l\u2019h\u00e9bergement pour les membres de [bla] pendant l\u2019\u00e9v\u00e9nement? Quel type d\u2019h\u00e9bergement?<br \/>\nEst-ce que vous pouvez payer des frais de d\u00e9placement pour les membres de [bla] et une somme pour l\u2019usure de l\u2019\u00e9quipement?<br \/>\nPour votre premi\u00e8re r\u00e9ponse ce n\u2019est pas n\u00e9cessaire de donner des r\u00e9ponses compl\u00e8tes pour toutes les questions, mais plus vous r\u00e9pondrez plus ce sera facile de savoir si on est disponible pour r\u00e9pondre \u00e0 vos besoins. N\u2019h\u00e9sitez pas \u00e0 poser des questions si vous avez besoins de clarification.<br \/>\n<a href=\"#top\">top<\/a><\/p>\n<h3>11. Pourquoi est-ce que [bla] demande de l&rsquo;argent ?<\/h3>\n<p>[bla] est un collectif qui propose de l&rsquo;\u00e9quipement technique, du savoir faire pour l&rsquo;utiliser et pour organiser l&rsquo;interpr\u00e9tation de fa\u00e7on confortable et abordable. Une partie de notre \u00e9quipement est achet\u00e9e et nous fabriquons le reste \u00e0 partir de pi\u00e8ces d\u00e9tach\u00e9es.<br \/>\nDans tous les cas l&rsquo;\u00e9quipement ou les pi\u00e8ces d\u00e9tach\u00e9es doivent \u00eatre rachet\u00e9es si elles ont \u00e9t\u00e9 cass\u00e9es, et l&rsquo;\u00e9quipement s&rsquo;use quand on l&rsquo;utilise.<br \/>\nIl y a aussi les co\u00fbts de transport pour le mat\u00e9riel et les membres de [bla] qui le mettent en place, s&rsquo;en occupent et expliquent comment l&rsquo;utiliser.<br \/>\nEn plus nous voulons aussi travailler avec des gens\/organisations\/collectifs qui ne peuvent pas payer du tout ou alors assez peu et cela ne couvre pas nos co\u00fbts pour l&rsquo;\u00e9v\u00e9nement. Soutenir des personnes et groupes non privil\u00e9gi\u00e9s financi\u00e8rement fait partie de nos objectifs politiques. C&rsquo;est pour mettre en place cette solidarit\u00e9 que nous souhaitons &#8211; si possible &#8211; avoir un peu plus que les couts r\u00e9els.<br \/>\n<a href=\"#top\">top<\/a><\/p>\n<h3>12. Que pense [bla] de la surveillance et de la s\u00e9curit\u00e9 ?<\/h3>\n<p>Les gouvernements, les \u00e9tats, les syst\u00e8mes judiciaires et beaucoup d&rsquo;autres surveillent les activit\u00e9s politiques pour garder le contr\u00f4le et maintenir leurs positions de pouvoir. Nous pensons que c&rsquo;est important d&rsquo;avoir toujours cela \u00e0 l&rsquo;esprit sans pour autant les laisser nous emp\u00eacher de nous organiser et de continuer \u00e0 travailler \u00e0 nos objectifs politiques. Si utiliser des ondes radios sur de courtes distances pour permettre l&rsquo;interpr\u00e9tation vous pose probl\u00e8me n&rsquo;h\u00e9sitez pas \u00e0 nous en parler. Ensemble nous pourrons voir s&rsquo;il est possible de mettre en place d&rsquo;autres solutions. N\u00e9anmoins des repr\u00e9sentants de la police infiltr\u00e9s pourraient assister \u00e0 une assembl\u00e9e pl\u00e9ni\u00e8re que nous utilisions des fr\u00e9quences radios ou pas.<br \/>\nPour communiquer sur internet avec nous c&rsquo;est possible d&rsquo;utiliser des emails chiffr\u00e9s\u00a0: faites une demande par email.<br \/>\n<a href=\"#top\">top<\/a><\/p>","protected":false},"excerpt":{"rendered":"<p>1. C&rsquo;est qui [bla]? Et \u00e7a sert \u00e0 quoi\u00a0? 2. Qu&rsquo;est-ce que l&rsquo;interpr\u00e9tation \u00ab\u00a0simultan\u00e9e\u00a0\u00bb\u00a0? 3. Pourquoi l&rsquo;interpr\u00e9tation simultan\u00e9e est-elle importante et utile\u00a0? 4. Quels sont les avantages de l&rsquo;interpr\u00e9tation simultan\u00e9e\u00a0? 5. Quel genre d&rsquo;\u00e9v\u00e9nements sont soutenus par [bla]? 6. Quelles &hellip; <a href=\"https:\/\/bla.potager.org\/fr\/faq\/\">Continue reading <span class=\"meta-nav\">&rarr;<\/span><\/a><\/p>\n","protected":false},"author":4,"featured_media":0,"parent":0,"menu_order":0,"comment_status":"closed","ping_status":"open","template":"","meta":{"footnotes":""},"class_list":["post-72","page","type-page","status-publish","hentry"],"_links":{"self":[{"href":"https:\/\/bla.potager.org\/fr\/wp-json\/wp\/v2\/pages\/72","targetHints":{"allow":["GET"]}}],"collection":[{"href":"https:\/\/bla.potager.org\/fr\/wp-json\/wp\/v2\/pages"}],"about":[{"href":"https:\/\/bla.potager.org\/fr\/wp-json\/wp\/v2\/types\/page"}],"author":[{"embeddable":true,"href":"https:\/\/bla.potager.org\/fr\/wp-json\/wp\/v2\/users\/4"}],"replies":[{"embeddable":true,"href":"https:\/\/bla.potager.org\/fr\/wp-json\/wp\/v2\/comments?post=72"}],"version-history":[{"count":97,"href":"https:\/\/bla.potager.org\/fr\/wp-json\/wp\/v2\/pages\/72\/revisions"}],"predecessor-version":[{"id":497,"href":"https:\/\/bla.potager.org\/fr\/wp-json\/wp\/v2\/pages\/72\/revisions\/497"}],"wp:attachment":[{"href":"https:\/\/bla.potager.org\/fr\/wp-json\/wp\/v2\/media?parent=72"}],"curies":[{"name":"wp","href":"https:\/\/api.w.org\/{rel}","templated":true}]}}