{"id":66,"date":"2014-05-29T10:41:51","date_gmt":"2014-05-29T10:41:51","guid":{"rendered":"https:\/\/bla.potager.org\/?page_id=66"},"modified":"2017-05-23T11:25:08","modified_gmt":"2017-05-23T11:25:08","slug":"tec-info","status":"publish","type":"page","link":"https:\/\/bla.potager.org\/fr\/tec-info\/","title":{"rendered":"Technique"},"content":{"rendered":"<p>En fonction de l&rsquo;\u00e9chelle de l&rsquo;\u00e9v\u00e9nement et des conditions, nous avons deux syst\u00e8mes diff\u00e9rents que nous pouvons utiliser.<\/p>\n<p><strong>&#8211; Pour les petits \u00e9v\u00e9nements et les ateliers<\/strong> (et pour les \u00e9v\u00e9nements sans source d\u2019\u00e9lectricit\u00e9), nous utilisons les &laquo;&nbsp;Spiders&nbsp;&raquo;, technologie open-source du collectif COATI. Il s&rsquo;agit d&rsquo;un \u00e9quipement que nous avons construit nous-m\u00eames (et que vous pouvez faire aussi).<\/p>\n<p>Les interpr\u00e8tes parlent dans un micro branch\u00e9 \u00e0 la spider, qui diffuse dans 12 paires d&rsquo;\u00e9couteurs. \u00c0 l&rsquo;aide d&rsquo;une extension, le nombre de personnes qui \u00e9coutent la traduction peut monter jusqu&rsquo;\u00e0 24 par spider.<\/p>\n<p><img loading=\"lazy\" decoding=\"async\" class=\"\" src=\"http:\/\/bla.potager.org\/uploads\/2016\/09\/spider-photo-picto-1-1.jpg\" alt=\"\" width=\"548\" height=\"387\" \/><\/p>\n<p>Vous trouverez plus d&rsquo;informations sur les spider (images, guide de construction) sur la page de : <a title=\"COATI Homepage\" href=\"https:\/\/coati.pimienta.org\/electronics\/spider\/index.en.html\">COATI<br \/>\n<\/a><\/p>\n<p><strong>&#8211; Pour les \u00e9v\u00e9nements de taille plus importante<\/strong> (jusqu&rsquo;\u00e0 600 personnes), nous utilisons des transmetteurs radio. La personne qui prend la parole utilise un micro que les interpr\u00e8tes \u00e9coutent \u00e0 travers un casque, pour avoir une \u00e9coute claire. En m\u00eame temps, ce son est diffus\u00e9 par des hauts-parleurs.<\/p>\n<p>Chaque interpr\u00e8te traduit directement dans un transmetteur, un pour chaque langue. Les transmetteurs diffusent les traductions sur des ondes radio \u00e0 faible port\u00e9e qui peuvent \u00eatre capt\u00e9es \u00e0 l&rsquo;aide de radios que nous fournissons. Chaque personne dans l&rsquo;auditoire prend une radio avec des \u00e9couteurs et la r\u00e8gle sur la fr\u00e9quence correspondant \u00e0 la langue dans laquelle elle veut \u00e9couter et a ainsi une traduction simultan\u00e9e de tout ce qui se dit.<\/p>\n<p>&nbsp;<\/p>\n<p><img loading=\"lazy\" decoding=\"async\" class=\"\" src=\"http:\/\/bla.potager.org\/uploads\/2016\/09\/bla_setup.jpg\" alt=\"bla transmitter setup\" width=\"572\" height=\"304\" \/><\/p>","protected":false},"excerpt":{"rendered":"<p>En fonction de l&rsquo;\u00e9chelle de l&rsquo;\u00e9v\u00e9nement et des conditions, nous avons deux syst\u00e8mes diff\u00e9rents que nous pouvons utiliser. &#8211; Pour les petits \u00e9v\u00e9nements et les ateliers (et pour les \u00e9v\u00e9nements sans source d\u2019\u00e9lectricit\u00e9), nous utilisons les &laquo;&nbsp;Spiders&nbsp;&raquo;, technologie open-source du &hellip; <a href=\"https:\/\/bla.potager.org\/fr\/tec-info\/\">Continue reading <span class=\"meta-nav\">&rarr;<\/span><\/a><\/p>\n","protected":false},"author":4,"featured_media":0,"parent":0,"menu_order":0,"comment_status":"closed","ping_status":"open","template":"","meta":{"footnotes":""},"class_list":["post-66","page","type-page","status-publish","hentry"],"_links":{"self":[{"href":"https:\/\/bla.potager.org\/fr\/wp-json\/wp\/v2\/pages\/66","targetHints":{"allow":["GET"]}}],"collection":[{"href":"https:\/\/bla.potager.org\/fr\/wp-json\/wp\/v2\/pages"}],"about":[{"href":"https:\/\/bla.potager.org\/fr\/wp-json\/wp\/v2\/types\/page"}],"author":[{"embeddable":true,"href":"https:\/\/bla.potager.org\/fr\/wp-json\/wp\/v2\/users\/4"}],"replies":[{"embeddable":true,"href":"https:\/\/bla.potager.org\/fr\/wp-json\/wp\/v2\/comments?post=66"}],"version-history":[{"count":19,"href":"https:\/\/bla.potager.org\/fr\/wp-json\/wp\/v2\/pages\/66\/revisions"}],"predecessor-version":[{"id":131,"href":"https:\/\/bla.potager.org\/fr\/wp-json\/wp\/v2\/pages\/66\/revisions\/131"}],"wp:attachment":[{"href":"https:\/\/bla.potager.org\/fr\/wp-json\/wp\/v2\/media?parent=66"}],"curies":[{"name":"wp","href":"https:\/\/api.w.org\/{rel}","templated":true}]}}