{"id":138,"date":"2014-12-02T15:34:08","date_gmt":"2014-12-02T15:34:08","guid":{"rendered":"https:\/\/bla.potager.org\/?page_id=138"},"modified":"2017-05-23T12:28:28","modified_gmt":"2017-05-23T12:28:28","slug":"questionnaire","status":"publish","type":"page","link":"https:\/\/bla.potager.org\/fr\/questionnaire\/","title":{"rendered":"Questionnaire de sollicitation"},"content":{"rendered":"<p>C&rsquo;est super que vous soyez int\u00e9ress\u00e9\u00b7es par la traduction simultan\u00e9e pour votre \u00e9v\u00e9nement !<\/p>\n<p>Si vous voulez du soutien pour votre \u00e9v\u00e9nement, il vous suffit de nous envoyer un email \u00e0 l&rsquo;adresse suivante :<\/p>\n<p><strong style=\"font-weight: bold;\">bla [at] inventati.org<\/strong><\/p>\n<p>Il y a quelquis \u00e9l\u00e9ments que nous aurions besoin de conna\u00eetre pour faciliter l&rsquo;organisation, donc les choses iront plus vite si vous r\u00e9pondez aux questions suivantes dans votre email.<\/p>\n<p>Il n&rsquo;est pas obligatoire de donner une r\u00e9ponse compl\u00e8te \u00e0 chaque question lors du premier contact, mais au plus de questions vous r\u00e9pondrez, le mieux nous pourrons v\u00e9rifier nos disponibilit\u00e9s pour satisfaire vos besoins.<\/p>\n<ul style=\"color: #000000;\">\n<li>Quand et O\u00f9 l&rsquo;\u00e9v\u00e9nement a lieu ?<\/li>\n<li>De quel type d&rsquo;\u00e9v\u00e9nement s&rsquo;agit-il ? Que se passe-t-il pendant l&rsquo;\u00e9v\u00e9nement ? Merci de nous fournir des explications succintes et (dur\u00e9e, objectifs, type d&rsquo;activit\u00e9s, etc.) l&rsquo;adresse du site internet de l&rsquo;\u00e9v\u00e9nement ou de l&rsquo;entit\u00e9 qui l&rsquo;organise.<\/li>\n<li>Combien de personnes pensez-vous recevoir ?<\/li>\n<li>Savez-vous d\u00e9j\u00e0 comment et o\u00f9 trouver des interpr\u00e8tes ?<\/li>\n<li>Depuis et Vers quelles langues avez vous besoin d&rsquo;interpretation ? Combien y aura-t-il de groupes de langues ?<\/li>\n<li>Environ combien de personnes y aura-t-il dans chacun de ces groupes ?<\/li>\n<li>Y aura-t-il une langue qui sera parl\u00e9e par une majorit\u00e9 de personnes ou tous les groupes auront-ils plus ou moins la m\u00eame taille ?<\/li>\n<li>Dans quelle(s) langue(s) pouvons-nous communiquer avec les personnes qui organisent l&rsquo;\u00e9v\u00e9nement ?<\/li>\n<li>Y aura-t-il besoin d&rsquo;\u00e9quipement d&rsquo;interpr\u00e9tation dans plusieurs endroits en m\u00eame temps ? Combien ? (par exemple, si vous avez 2 r\u00e9unions et 5 ateliers en m\u00eame temps, \u00e7a fait 7).<\/li>\n<li> Quel type d&rsquo;infrastructure y a-t-il l\u00e0 o\u00f9 vous voulez l&rsquo;interpr\u00e9tation ? (b\u00e2timent, chapiteau, etc.). Quelle est leur taille ?<\/li>\n<li>Quelle est la distance entre ces diff\u00e9rents endroits ?<\/li>\n<li>Est-il possible de se garer \u00e0 proximit\u00e9 du lieu de l&rsquo;\u00e9v\u00e9nement ? (pour charger et d\u00e9charger le mat\u00e9riel)<\/li>\n<li>Y a-t-il une source d\u2019\u00e9lectricit\u00e9 disponible ? De quelle source (r\u00e9seau, panneaux solaires, batteries, etc.) ? La source d\u2019\u00e9lectricit\u00e9 est-elle mise \u00e0 la terre ?<\/li>\n<li>Pouvez-vous fournir une table de mixage, un syst\u00e8me d&rsquo;amplification ou une sono (avec les c\u00e2bles n\u00e9cessaires) ?<\/li>\n<li>Avez-vous un probl\u00e8me avec le fait d&rsquo;utiliser des fr\u00e9quences radio \u00e0 courte port\u00e9e pour transmettre l&rsquo;interpr\u00e9tation simultan\u00e9e ?<\/li>\n<li>Pouvez-vous nous nourir (v\u00e9g\u00e9talien) et nous loger pendant l&rsquo;\u00e9v\u00e9nement ? Quel type de logement ?<\/li>\n<li>Proposez-vous de payer au minimum pour les co\u00fbts de transport pour les membres de Bla et l&rsquo;\u00e9quipement ainsi qu&rsquo;une somme pour couvrir l&rsquo;usure du mat\u00e9riel ?<\/li>\n<\/ul>\n<p>N&rsquo;h\u00e9sitez pas \u00e0 nous poser des questions !<\/p>","protected":false},"excerpt":{"rendered":"<p>C&rsquo;est super que vous soyez int\u00e9ress\u00e9\u00b7es par la traduction simultan\u00e9e pour votre \u00e9v\u00e9nement ! Si vous voulez du soutien pour votre \u00e9v\u00e9nement, il vous suffit de nous envoyer un email \u00e0 l&rsquo;adresse suivante : bla [at] inventati.org Il y a &hellip; <a href=\"https:\/\/bla.potager.org\/fr\/questionnaire\/\">Continue reading <span class=\"meta-nav\">&rarr;<\/span><\/a><\/p>\n","protected":false},"author":1,"featured_media":0,"parent":0,"menu_order":0,"comment_status":"closed","ping_status":"open","template":"","meta":{"footnotes":""},"class_list":["post-138","page","type-page","status-publish","hentry"],"_links":{"self":[{"href":"https:\/\/bla.potager.org\/fr\/wp-json\/wp\/v2\/pages\/138","targetHints":{"allow":["GET"]}}],"collection":[{"href":"https:\/\/bla.potager.org\/fr\/wp-json\/wp\/v2\/pages"}],"about":[{"href":"https:\/\/bla.potager.org\/fr\/wp-json\/wp\/v2\/types\/page"}],"author":[{"embeddable":true,"href":"https:\/\/bla.potager.org\/fr\/wp-json\/wp\/v2\/users\/1"}],"replies":[{"embeddable":true,"href":"https:\/\/bla.potager.org\/fr\/wp-json\/wp\/v2\/comments?post=138"}],"version-history":[{"count":8,"href":"https:\/\/bla.potager.org\/fr\/wp-json\/wp\/v2\/pages\/138\/revisions"}],"predecessor-version":[{"id":492,"href":"https:\/\/bla.potager.org\/fr\/wp-json\/wp\/v2\/pages\/138\/revisions\/492"}],"wp:attachment":[{"href":"https:\/\/bla.potager.org\/fr\/wp-json\/wp\/v2\/media?parent=138"}],"curies":[{"name":"wp","href":"https:\/\/api.w.org\/{rel}","templated":true}]}}