{"id":86,"date":"2014-05-29T10:50:50","date_gmt":"2014-05-29T10:50:50","guid":{"rendered":"https:\/\/bla.potager.org\/?page_id=86"},"modified":"2017-05-23T11:47:04","modified_gmt":"2017-05-23T11:47:04","slug":"support","status":"publish","type":"page","link":"https:\/\/bla.potager.org\/de\/support\/","title":{"rendered":"[bla] unterst\u00fctzen"},"content":{"rendered":"<p>Wie kannst du [bla] unterst\u00fctzen?<\/p>\n<p>Wir sind ein non-profit Kollektiv, dass Spenden braucht um unabh\u00e4ngig bleiben zu k\u00f6nnen.<\/p>\n<p>Wir brauchen Geld um Ausr\u00fcstung zu kaufen und zu reparieren und f\u00fcr den Transport zu Veranstaltungen.<\/p>\n<p>Wenn du eine Veranstaltung organisierst und uns einladen m\u00f6chtest kannst du versuchen auch eine Spende f\u00fcr Bla einzurechnen.<\/p>\n<p>Wenn du zu einer Veranstaltung f\u00e4hrst, bei der Bla die Ausr\u00fcstung zum Simultandolmetschen stellt, kannst du dort etwas Geld in Blas Spendenbox tun.<\/p>\n<p>Au\u00dferdem ist es auch m\u00f6glich, Geld direkt auf unser Konto zu \u00fcberweisen.<\/p>\n<p><a href=\"https:\/\/bla.potager.org\/de\/account\/\">Kontodaten<\/a><\/p>\n<p>Wenn du von Fundraisingm\u00f6glichkeiten wei\u00dft, w\u00fcrden wir uns freuen wenn du uns davon erz\u00e4hlst.<\/p>\n<p>*Ausr\u00fcstung*<\/p>\n<p>Wenn du von M\u00f6glichkeiten wei\u00dft, an gebrauchte Technik (wie Kopfh\u00f6rer, Mikros, Transmitter, kleine Radios, Kabel) zu kommen, dann gib uns bescheid.<\/p>\n<p>*\u00dcbersetzungen*<\/p>\n<p>Wenn du Inhalte der Website in andere Sprachen \u00fcbersetzen kannst, schreib uns eine E-Mail.<\/p>\n<p>Danke :)<\/p>","protected":false},"excerpt":{"rendered":"<p>Wie kannst du [bla] unterst\u00fctzen? Wir sind ein non-profit Kollektiv, dass Spenden braucht um unabh\u00e4ngig bleiben zu k\u00f6nnen. Wir brauchen Geld um Ausr\u00fcstung zu kaufen und zu reparieren und f\u00fcr den Transport zu Veranstaltungen. Wenn du eine Veranstaltung organisierst und &hellip; <a href=\"https:\/\/bla.potager.org\/de\/support\/\">Continue reading <span class=\"meta-nav\">&rarr;<\/span><\/a><\/p>\n","protected":false},"author":1,"featured_media":0,"parent":0,"menu_order":0,"comment_status":"closed","ping_status":"closed","template":"","meta":{"footnotes":""},"class_list":["post-86","page","type-page","status-publish","hentry"],"_links":{"self":[{"href":"https:\/\/bla.potager.org\/de\/wp-json\/wp\/v2\/pages\/86","targetHints":{"allow":["GET"]}}],"collection":[{"href":"https:\/\/bla.potager.org\/de\/wp-json\/wp\/v2\/pages"}],"about":[{"href":"https:\/\/bla.potager.org\/de\/wp-json\/wp\/v2\/types\/page"}],"author":[{"embeddable":true,"href":"https:\/\/bla.potager.org\/de\/wp-json\/wp\/v2\/users\/1"}],"replies":[{"embeddable":true,"href":"https:\/\/bla.potager.org\/de\/wp-json\/wp\/v2\/comments?post=86"}],"version-history":[{"count":11,"href":"https:\/\/bla.potager.org\/de\/wp-json\/wp\/v2\/pages\/86\/revisions"}],"predecessor-version":[{"id":477,"href":"https:\/\/bla.potager.org\/de\/wp-json\/wp\/v2\/pages\/86\/revisions\/477"}],"wp:attachment":[{"href":"https:\/\/bla.potager.org\/de\/wp-json\/wp\/v2\/media?parent=86"}],"curies":[{"name":"wp","href":"https:\/\/api.w.org\/{rel}","templated":true}]}}