{"id":70,"date":"2014-05-29T10:42:22","date_gmt":"2014-05-29T10:42:22","guid":{"rendered":"https:\/\/bla.potager.org\/?page_id=70"},"modified":"2019-04-23T10:37:51","modified_gmt":"2019-04-23T10:37:51","slug":"contact","status":"publish","type":"page","link":"https:\/\/bla.potager.org\/de\/contact\/","title":{"rendered":"Kontakt"},"content":{"rendered":"<p><\/p>\n<p><p lang=\"en-US\" style=\"margin-bottom: 0in; line-height: 100%;\"><strong>E-Mail: <span style=\"font-size: small;\">bla [at] inventati.org<\/span><\/strong><\/p>\n<p>&#8212;&#8212;&#8212;&#8212;&#8212;&#8212;&#8212;-<\/p>\n<p>[bla] um Unterst\u00fctzung bitten, aber wie?<\/p>\n<p><a href=\"https:\/\/bla.potager.org\/de\/questionnaire\/\">Ein Fragebogen um uns das Leben leichter zu machen<\/a><\/p>\n<p>&#8212;&#8212;&#8212;&#8212;&#8212;&#8212;&#8212;<\/p>\n<p lang=\"en-US\" style=\"margin-bottom: 0in; line-height: 100%;\">Um die M\u00f6glichkeit zu haben, als Gruppe zu entscheiden, ob wir angefragte Veranstaltungen mit unseren DIY L\u00f6sungen unterst\u00fctzen wollen, brauchen wir Vorbereitungszeit.<\/p>\n<p lang=\"en-US\" style=\"margin-bottom: 0in; line-height: 100%;\">Kontaktiert uns deshlab bitte MINDESTENS 6 Wochen vor eurer Veranstaltung!<\/p>\n<\/p>\n<p lang=\"en-US\" style=\"margin-bottom: 0in; line-height: 100%;\"> Ihr k\u00f6nnt mit uns auf deutsch, englisch, franz\u00f6sisch, spanisch, niederl\u00e4ndisch, d\u00e4nisch oder portugiesisch kommunizieren. <\/p>\n<p><\/p>","protected":false},"excerpt":{"rendered":"<p>E-Mail: bla [at] inventati.org &#8212;&#8212;&#8212;&#8212;&#8212;&#8212;&#8212;- [bla] um Unterst\u00fctzung bitten, aber wie? Ein Fragebogen um uns das Leben leichter zu machen &#8212;&#8212;&#8212;&#8212;&#8212;&#8212;&#8212; Um die M\u00f6glichkeit zu haben, als Gruppe zu entscheiden, ob wir angefragte Veranstaltungen mit unseren DIY L\u00f6sungen unterst\u00fctzen wollen, &hellip; <a href=\"https:\/\/bla.potager.org\/de\/contact\/\">Continue reading <span class=\"meta-nav\">&rarr;<\/span><\/a><\/p>\n","protected":false},"author":4,"featured_media":0,"parent":0,"menu_order":0,"comment_status":"closed","ping_status":"open","template":"","meta":{"footnotes":""},"class_list":["post-70","page","type-page","status-publish","hentry"],"_links":{"self":[{"href":"https:\/\/bla.potager.org\/de\/wp-json\/wp\/v2\/pages\/70","targetHints":{"allow":["GET"]}}],"collection":[{"href":"https:\/\/bla.potager.org\/de\/wp-json\/wp\/v2\/pages"}],"about":[{"href":"https:\/\/bla.potager.org\/de\/wp-json\/wp\/v2\/types\/page"}],"author":[{"embeddable":true,"href":"https:\/\/bla.potager.org\/de\/wp-json\/wp\/v2\/users\/4"}],"replies":[{"embeddable":true,"href":"https:\/\/bla.potager.org\/de\/wp-json\/wp\/v2\/comments?post=70"}],"version-history":[{"count":28,"href":"https:\/\/bla.potager.org\/de\/wp-json\/wp\/v2\/pages\/70\/revisions"}],"predecessor-version":[{"id":507,"href":"https:\/\/bla.potager.org\/de\/wp-json\/wp\/v2\/pages\/70\/revisions\/507"}],"wp:attachment":[{"href":"https:\/\/bla.potager.org\/de\/wp-json\/wp\/v2\/media?parent=70"}],"curies":[{"name":"wp","href":"https:\/\/api.w.org\/{rel}","templated":true}]}}