{"id":66,"date":"2014-05-29T10:41:51","date_gmt":"2014-05-29T10:41:51","guid":{"rendered":"https:\/\/bla.potager.org\/?page_id=66"},"modified":"2017-05-23T11:25:08","modified_gmt":"2017-05-23T11:25:08","slug":"tec-info","status":"publish","type":"page","link":"https:\/\/bla.potager.org\/de\/tec-info\/","title":{"rendered":"Tec Info"},"content":{"rendered":"<p>Je nach Gr\u00f6\u00dfe des Events und der gegebenen M\u00f6glichkeiten haben wir zwei verschiedene M\u00f6glichkeiten und Techniken.<\/p>\n<p>F\u00fcr <strong>kleinere Events und Workshops<\/strong> (oder Events ohne Stromversorgung) nutzen wir die COATI Open Source Spider, ein Ger\u00e4t, das we selbst bauen k\u00f6nnen (genau wie jede*r andere).<\/p>\n<p>Die Dolmetschenden sprechen in ein Mikrophon, welches mit der Spider verbunden ist. Diese verteilt den Ton auf 12 Kopfh\u00f6rerausg\u00e4nge. Mit der Hilfe einer Erweiterung er\u00f6ht sich die Zahl m\u00f6glicher Zuh\u00f6rer*innen auf 24 pro Spider.<\/p>\n<p><img loading=\"lazy\" decoding=\"async\" class=\"\" src=\"http:\/\/bla.potager.org\/uploads\/2016\/09\/spider-photo-picto-1-1.jpg\" alt=\"\" width=\"548\" height=\"387\" \/><\/p>\n<p>Mehr \u00fcber die Spider (Bilder und Bauanleitung) findet ihr auf der <a title=\"COATI Homepage\" href=\"https:\/\/coati.pimienta.org\/electronics\/spider\/index.en.html\">COATI Homepage<\/a>.<\/p>\n<p>&nbsp;<\/p>\n<p>Bei <strong>gr\u00f6\u00dferen Events<\/strong> (bis zu 600 Menschen) benutzen wir Radios und Transmitter. Die Sprecher*Innen benutzen ein Mikrofon, dem die Dolmetscher*innen \u00fcber Kopfh\u00f6rer zuh\u00f6ren, um so deutlich h\u00f6ren zu k\u00f6nnen. Gleicheitig wird der Mikrofonsound \u00fcber Lautsprecher gesendet.<\/p>\n<p>Jede*r Dolmetscher*in spricht in einen Transmitter, der je eine Sprache repr\u00e4sentiert. Diese Transmitter benutzen Kurzwellen Radiosignale und k\u00f6nnen von Radios empfangen werden, die auch von uns bereitgestellt werden. Zuh\u00f6rer*innen nehmen sich ein Radio und stellen die Frequenz der Sprache ein, die sie h\u00f6ren m\u00f6chten und bekommen so alles Gesagte simultan gedolmetscht.<\/p>\n<p><img loading=\"lazy\" decoding=\"async\" class=\"\" src=\"http:\/\/bla.potager.org\/uploads\/2016\/09\/bla_setup.jpg\" alt=\"bla transmitter setup\" width=\"572\" height=\"304\" \/><\/p>\n<p>&nbsp;<\/p>","protected":false},"excerpt":{"rendered":"<p>Je nach Gr\u00f6\u00dfe des Events und der gegebenen M\u00f6glichkeiten haben wir zwei verschiedene M\u00f6glichkeiten und Techniken. F\u00fcr kleinere Events und Workshops (oder Events ohne Stromversorgung) nutzen wir die COATI Open Source Spider, ein Ger\u00e4t, das we selbst bauen k\u00f6nnen (genau &hellip; <a href=\"https:\/\/bla.potager.org\/de\/tec-info\/\">Continue reading <span class=\"meta-nav\">&rarr;<\/span><\/a><\/p>\n","protected":false},"author":4,"featured_media":0,"parent":0,"menu_order":0,"comment_status":"closed","ping_status":"open","template":"","meta":{"footnotes":""},"class_list":["post-66","page","type-page","status-publish","hentry"],"_links":{"self":[{"href":"https:\/\/bla.potager.org\/de\/wp-json\/wp\/v2\/pages\/66","targetHints":{"allow":["GET"]}}],"collection":[{"href":"https:\/\/bla.potager.org\/de\/wp-json\/wp\/v2\/pages"}],"about":[{"href":"https:\/\/bla.potager.org\/de\/wp-json\/wp\/v2\/types\/page"}],"author":[{"embeddable":true,"href":"https:\/\/bla.potager.org\/de\/wp-json\/wp\/v2\/users\/4"}],"replies":[{"embeddable":true,"href":"https:\/\/bla.potager.org\/de\/wp-json\/wp\/v2\/comments?post=66"}],"version-history":[{"count":19,"href":"https:\/\/bla.potager.org\/de\/wp-json\/wp\/v2\/pages\/66\/revisions"}],"predecessor-version":[{"id":131,"href":"https:\/\/bla.potager.org\/de\/wp-json\/wp\/v2\/pages\/66\/revisions\/131"}],"wp:attachment":[{"href":"https:\/\/bla.potager.org\/de\/wp-json\/wp\/v2\/media?parent=66"}],"curies":[{"name":"wp","href":"https:\/\/api.w.org\/{rel}","templated":true}]}}