{"id":138,"date":"2014-12-02T15:34:08","date_gmt":"2014-12-02T15:34:08","guid":{"rendered":"https:\/\/bla.potager.org\/?page_id=138"},"modified":"2017-05-23T12:28:28","modified_gmt":"2017-05-23T12:28:28","slug":"questionnaire","status":"publish","type":"page","link":"https:\/\/bla.potager.org\/de\/questionnaire\/","title":{"rendered":"Fragebogen f\u00fcr Anfragen"},"content":{"rendered":"<p><\/p>\n<div class=\"entry-content\">\n<p>Toll dass ihr eure Veranstaltung simultan verdolmetschen wollt!<\/p>\n<p>Wenn ihr m\u00f6chtet, dass wir eure Veranstaltung unterst\u00fctzen, dann schickt uns einfach eine E-Mail an:<\/p>\n<p><strong>bla [at] inventati.org<\/strong><\/p>\n<p>Es gibt einige Dinge die wir aus organisatorischen Gr\u00fcnden gern wissen w\u00fcrden und wenn ihr folgende Fragen in eurer E-Mail beantwortet beschleunigt das unsere Entscheidungsprozesse.<\/p>\n<p>Beim ersten Kontakt ist es nicht n\u00f6tig, vollst\u00e4ndige Antworten auf all die Fragen zu geben, aber je mehr Informationen ihr uns gebt, umso leichter ist es f\u00fcr uns herauszufinden, od wir euren Bed\u00fcrfnissen gerecht werden k\u00f6nnen.<\/p>\n<ul>\n<li>Wo und wann findet die Veranstaltung statt?<\/li>\n<li>Was f\u00fcr eine Veranstaltung ist es, was passiert dabei? Bitte gebt eine kurze Erkl\u00e4rung und falls vorhanden eine Homepage oder Blogadresse. (Wichtig zu wissen ist Dauer &amp; Ziel und welche Aktivit\u00e4ten stattfinden)<\/li>\n<li>Wieviele Teilnehmer*innen erwartet ihr?<\/li>\n<li>Wisst ihr schon wie und wo ihr Dolmetscher*innen findet?<\/li>\n<li>Von und in welche Sprachen wird Verdolmetschung ben\u00f6tigt?<\/li>\n<li>Wieviele Sprachgruppen werden dort sein ? (Sprachgruppe= Gruppen von Menschen die dieselbe Sprache sprechen) Wie viele Menschen sind ungef\u00e4hr in den einzelnen Sprachgruppen?<\/li>\n<li>Gibt es eine Sprache die von einer recht gro\u00dfen Gruppe der Teilnehmenden gesprochen wird oder werden die Sprachgruppen in etwa gleich gro\u00df sein?<\/li>\n<li>In welcher Sprache k\u00f6nnen wir mit den organisierenden Personen kommunizieren?<\/li>\n<li>Wird Dolmetschmaterial in mehreren R\u00e4umen gleichzeitig gebraucht? Bis zu wievielen R\u00e4umen? (Raum bedeutet hier jeder Aufbau f\u00fcr den Verdolmetschung gebraucht wird &#8211; wenn 10 workshop stattfinden, manche drinnen, manche drau\u00dfen, dann sind das 10 R\u00e4ume)<\/li>\n<li>Welche Art von Infrastruktur existiert bez\u00fcglich der R\u00e4ume? Geb\u00e4ude, Zelte oder anderes?<\/li>\n<li>Wie weit entfernt sind die einzelnen R\u00e4ume voneinander? Wie gro\u00df sind sie?<\/li>\n<li>Ist es m\u00f6glich in der N\u00e4he des Veranstaltungsorts zu parken (um Equipment ein- und auszuladen)<\/li>\n<li>Gibt es Strom? Von welcher Stromquelle? Ist es ein geerdetes System?<\/li>\n<li>K\u00f6nnt ihr ein Mischpult, PA oder Soundsystem und die n\u00f6tigen Kabel zur verf\u00fcgung stellen?<\/li>\n<li>Habt ihr ein Problem damit, wenn wir kurzstrecken Radofrequenzen benutzen um die Simultanverdolmetschung zu \u00fcbertragen?<\/li>\n<li>K\u00f6nnt ihr w\u00e4hrend der Veranstaltung Verpflegung (vegan) und Unterkunft f\u00fcr die bla-Mitglieder*innen zur Verf\u00fcgung stellen? Welche Art von Unterkunft?<\/li>\n<li>K\u00f6nnt ihr anbieten, mindestens f\u00fcr die Anreise von bla-Mitglieder*innen und Equipment sowie f\u00fcr die Abnutzung vom Equipment zu bezahlen?<\/li>\n<\/ul>\n<p>Z\u00f6gert nicht Fragen zu stellen, falls ihr noch welche habt!<\/p>\n<p>&nbsp;<\/p>\n<\/div>\n<p><\/p>","protected":false},"excerpt":{"rendered":"<p>Toll dass ihr eure Veranstaltung simultan verdolmetschen wollt! Wenn ihr m\u00f6chtet, dass wir eure Veranstaltung unterst\u00fctzen, dann schickt uns einfach eine E-Mail an: bla [at] inventati.org Es gibt einige Dinge die wir aus organisatorischen Gr\u00fcnden gern wissen w\u00fcrden und wenn &hellip; <a href=\"https:\/\/bla.potager.org\/de\/questionnaire\/\">Continue reading <span class=\"meta-nav\">&rarr;<\/span><\/a><\/p>\n","protected":false},"author":1,"featured_media":0,"parent":0,"menu_order":0,"comment_status":"closed","ping_status":"open","template":"","meta":{"footnotes":""},"class_list":["post-138","page","type-page","status-publish","hentry"],"_links":{"self":[{"href":"https:\/\/bla.potager.org\/de\/wp-json\/wp\/v2\/pages\/138","targetHints":{"allow":["GET"]}}],"collection":[{"href":"https:\/\/bla.potager.org\/de\/wp-json\/wp\/v2\/pages"}],"about":[{"href":"https:\/\/bla.potager.org\/de\/wp-json\/wp\/v2\/types\/page"}],"author":[{"embeddable":true,"href":"https:\/\/bla.potager.org\/de\/wp-json\/wp\/v2\/users\/1"}],"replies":[{"embeddable":true,"href":"https:\/\/bla.potager.org\/de\/wp-json\/wp\/v2\/comments?post=138"}],"version-history":[{"count":8,"href":"https:\/\/bla.potager.org\/de\/wp-json\/wp\/v2\/pages\/138\/revisions"}],"predecessor-version":[{"id":492,"href":"https:\/\/bla.potager.org\/de\/wp-json\/wp\/v2\/pages\/138\/revisions\/492"}],"wp:attachment":[{"href":"https:\/\/bla.potager.org\/de\/wp-json\/wp\/v2\/media?parent=138"}],"curies":[{"name":"wp","href":"https:\/\/api.w.org\/{rel}","templated":true}]}}